{"id":6716,"date":"2023-05-09T10:52:37","date_gmt":"2023-05-09T10:52:37","guid":{"rendered":"https:\/\/cafetorpet.se\/sustainability\/"},"modified":"2025-01-08T09:51:10","modified_gmt":"2025-01-08T09:51:10","slug":"sustainability","status":"publish","type":"page","link":"https:\/\/cafetorpet.se\/en\/sustainability\/","title":{"rendered":"Sustainability"},"content":{"rendered":"\t\t<div data-elementor-type=\"wp-page\" data-elementor-id=\"6716\" class=\"elementor elementor-6716 elementor-2335\" data-elementor-post-type=\"page\">\n\t\t\t\t\t\t<section class=\"elementor-section elementor-top-section elementor-element elementor-element-365151f elementor-section-full_width elementor-section-height-default elementor-section-height-default\" data-id=\"365151f\" data-element_type=\"section\" data-e-type=\"section\" data-settings=\"{&quot;jet_parallax_layout_list&quot;:[],&quot;background_background&quot;:&quot;classic&quot;}\">\n\t\t\t\t\t\t<div class=\"elementor-container elementor-column-gap-default\">\n\t\t\t\t\t<div class=\"elementor-column elementor-col-100 elementor-top-column elementor-element elementor-element-60630cd\" data-id=\"60630cd\" data-element_type=\"column\" data-e-type=\"column\">\n\t\t\t<div class=\"elementor-widget-wrap\">\n\t\t\t\t\t\t\t<\/div>\n\t\t<\/div>\n\t\t\t\t\t<\/div>\n\t\t<\/section>\n\t\t\t\t<section class=\"elementor-section elementor-top-section elementor-element elementor-element-4b259a0 elementor-section-boxed elementor-section-height-default elementor-section-height-default\" data-id=\"4b259a0\" data-element_type=\"section\" data-e-type=\"section\" data-settings=\"{&quot;jet_parallax_layout_list&quot;:[],&quot;background_background&quot;:&quot;classic&quot;}\">\n\t\t\t\t\t\t<div class=\"elementor-container elementor-column-gap-default\">\n\t\t\t\t\t<div class=\"elementor-column elementor-col-100 elementor-top-column elementor-element elementor-element-8f28ead\" data-id=\"8f28ead\" data-element_type=\"column\" data-e-type=\"column\" data-settings=\"{&quot;background_background&quot;:&quot;classic&quot;}\">\n\t\t\t<div class=\"elementor-widget-wrap elementor-element-populated\">\n\t\t\t\t\t\t<div class=\"elementor-element elementor-element-77321f0 elementor-widget elementor-widget-heading\" data-id=\"77321f0\" data-element_type=\"widget\" data-e-type=\"widget\" data-widget_type=\"heading.default\">\n\t\t\t\t<div class=\"elementor-widget-container\">\n\t\t\t\t\t<h2 class=\"elementor-heading-title elementor-size-default\">Sustainability<\/h2>\t\t\t\t<\/div>\n\t\t\t\t<\/div>\n\t\t\t\t<div class=\"elementor-element elementor-element-5c18140 elementor-widget elementor-widget-text-editor\" data-id=\"5c18140\" data-element_type=\"widget\" data-e-type=\"widget\" data-widget_type=\"text-editor.default\">\n\t\t\t\t<div class=\"elementor-widget-container\">\n\t\t\t\t\t\t\t\t\t<p>With the ambition of fostering a vibrant rural community, we continuously strive to develop enjoyable, inclusive, and, above all, sustainable activities and practices.<\/p>\n<p>In collaboration with <a href=\"https:\/\/hallbarhetsklivet.se\/aktorer\/cafe-torpet\/\" target=\"_blank\" rel=\"noopener\">hallbarhetsklivet.se<\/a> we aim to become a trusted player in nature tourism, minimizing our environmental footprint wherever possible. <\/p>\n\t\t\t\t\t\t\t\t<\/div>\n\t\t\t\t<\/div>\n\t\t\t\t\t<\/div>\n\t\t<\/div>\n\t\t\t\t\t<\/div>\n\t\t<\/section>\n\t\t\t\t<section class=\"elementor-section elementor-top-section elementor-element elementor-element-2e50770 elementor-section-boxed elementor-section-height-default elementor-section-height-default\" data-id=\"2e50770\" data-element_type=\"section\" data-e-type=\"section\" data-settings=\"{&quot;jet_parallax_layout_list&quot;:[],&quot;background_background&quot;:&quot;classic&quot;}\">\n\t\t\t\t\t\t<div class=\"elementor-container elementor-column-gap-default\">\n\t\t\t\t\t<div class=\"elementor-column elementor-col-50 elementor-top-column elementor-element elementor-element-33f5c24\" data-id=\"33f5c24\" data-element_type=\"column\" data-e-type=\"column\">\n\t\t\t<div class=\"elementor-widget-wrap elementor-element-populated\">\n\t\t\t\t\t\t<div class=\"elementor-element elementor-element-a8221ee elementor-widget elementor-widget-heading\" data-id=\"a8221ee\" data-element_type=\"widget\" data-e-type=\"widget\" data-widget_type=\"heading.default\">\n\t\t\t\t<div class=\"elementor-widget-container\">\n\t\t\t\t\t<h2 class=\"elementor-heading-title elementor-size-default\">Panta Mera<\/h2>\t\t\t\t<\/div>\n\t\t\t\t<\/div>\n\t\t\t\t<div class=\"elementor-element elementor-element-75a6015 elementor-widget elementor-widget-text-editor\" data-id=\"75a6015\" data-element_type=\"widget\" data-e-type=\"widget\" data-widget_type=\"text-editor.default\">\n\t\t\t\t<div class=\"elementor-widget-container\">\n\t\t\t\t\t\t\t\t\t<p>In collaboration with <a href=\"https:\/\/pantamera.nu\/\" target=\"_blank\" rel=\"noopener\">https:\/\/pantamera.nu\/<\/a> all cans and PET bottles consumed at Caf\u00e9 Torpet are recycled. In 2022, we recycled 8625 cans and bottles.<\/p>\n\t\t\t\t\t\t\t\t<\/div>\n\t\t\t\t<\/div>\n\t\t\t\t<div class=\"elementor-element elementor-element-41d3d99 elementor-widget elementor-widget-image\" data-id=\"41d3d99\" data-element_type=\"widget\" data-e-type=\"widget\" data-widget_type=\"image.default\">\n\t\t\t\t<div class=\"elementor-widget-container\">\n\t\t\t\t\t\t\t\t\t\t\t\t\t\t\t<img fetchpriority=\"high\" decoding=\"async\" width=\"745\" height=\"1024\" src=\"https:\/\/cafetorpet.se\/wp-content\/uploads\/2023\/05\/Diplom_Pantamera-745x1024.jpg\" class=\"attachment-large size-large wp-image-6469\" alt=\"\" srcset=\"https:\/\/cafetorpet.se\/wp-content\/uploads\/2023\/05\/Diplom_Pantamera-745x1024.jpg 745w, https:\/\/cafetorpet.se\/wp-content\/uploads\/2023\/05\/Diplom_Pantamera-600x825.jpg 600w, https:\/\/cafetorpet.se\/wp-content\/uploads\/2023\/05\/Diplom_Pantamera-218x300.jpg 218w, https:\/\/cafetorpet.se\/wp-content\/uploads\/2023\/05\/Diplom_Pantamera-768x1056.jpg 768w, https:\/\/cafetorpet.se\/wp-content\/uploads\/2023\/05\/Diplom_Pantamera-1117x1536.jpg 1117w, https:\/\/cafetorpet.se\/wp-content\/uploads\/2023\/05\/Diplom_Pantamera-1489x2048.jpg 1489w, https:\/\/cafetorpet.se\/wp-content\/uploads\/2023\/05\/Diplom_Pantamera.jpg 1700w\" sizes=\"(max-width: 745px) 100vw, 745px\" \/>\t\t\t\t\t\t\t\t\t\t\t\t\t\t\t<\/div>\n\t\t\t\t<\/div>\n\t\t\t\t<div class=\"elementor-element elementor-element-9d60244 elementor-widget elementor-widget-heading\" data-id=\"9d60244\" data-element_type=\"widget\" data-e-type=\"widget\" data-widget_type=\"heading.default\">\n\t\t\t\t<div class=\"elementor-widget-container\">\n\t\t\t\t\t<h2 class=\"elementor-heading-title elementor-size-default\">Waste<\/h2>\t\t\t\t<\/div>\n\t\t\t\t<\/div>\n\t\t\t\t<div class=\"elementor-element elementor-element-aa573b9 elementor-widget elementor-widget-text-editor\" data-id=\"aa573b9\" data-element_type=\"widget\" data-e-type=\"widget\" data-widget_type=\"text-editor.default\">\n\t\t\t\t<div class=\"elementor-widget-container\">\n\t\t\t\t\t\t\t\t\t<p>We are dedicated to minimizing unnecessary waste and invest significant time in carefully planning our purchases and crafting our menu accordingly. Additionally, all food waste is recycled through the municipality&#8217;s compost collection program. <\/p>\n\t\t\t\t\t\t\t\t<\/div>\n\t\t\t\t<\/div>\n\t\t\t\t<div class=\"elementor-element elementor-element-88331e1 elementor-widget elementor-widget-heading\" data-id=\"88331e1\" data-element_type=\"widget\" data-e-type=\"widget\" data-widget_type=\"heading.default\">\n\t\t\t\t<div class=\"elementor-widget-container\">\n\t\t\t\t\t<h2 class=\"elementor-heading-title elementor-size-default\">Reuse<\/h2>\t\t\t\t<\/div>\n\t\t\t\t<\/div>\n\t\t\t\t<div class=\"elementor-element elementor-element-f15564a elementor-widget elementor-widget-text-editor\" data-id=\"f15564a\" data-element_type=\"widget\" data-e-type=\"widget\" data-widget_type=\"text-editor.default\">\n\t\t\t\t<div class=\"elementor-widget-container\">\n\t\t\t\t\t\t\t\t\t<p>With a great passion for reuse, the destination Caf\u00e9 Torpet has slowly but surely taken shape with the help of recycled building materials. <\/p>\n\t\t\t\t\t\t\t\t<\/div>\n\t\t\t\t<\/div>\n\t\t\t\t<div class=\"elementor-element elementor-element-4055421 elementor-widget elementor-widget-heading\" data-id=\"4055421\" data-element_type=\"widget\" data-e-type=\"widget\" data-widget_type=\"heading.default\">\n\t\t\t\t<div class=\"elementor-widget-container\">\n\t\t\t\t\t<h2 class=\"elementor-heading-title elementor-size-default\">Accessibility<\/h2>\t\t\t\t<\/div>\n\t\t\t\t<\/div>\n\t\t\t\t<div class=\"elementor-element elementor-element-cf92c49 elementor-widget elementor-widget-text-editor\" data-id=\"cf92c49\" data-element_type=\"widget\" data-e-type=\"widget\" data-widget_type=\"text-editor.default\">\n\t\t\t\t<div class=\"elementor-widget-container\">\n\t\t\t\t\t\t\t\t\t<p>With a commitment to nurturing a lively rural community, we are constantly working to develop fun and inclusive activities suitable for all ages. As part of this endeavor, we have placed a high priority on installing designated handicap parking spaces, an accessible restroom, and have made significant portions of the area accessible through paved pathways.<\/p>\n\t\t\t\t\t\t\t\t<\/div>\n\t\t\t\t<\/div>\n\t\t\t\t<div class=\"elementor-element elementor-element-4ceb129 elementor-widget elementor-widget-heading\" data-id=\"4ceb129\" data-element_type=\"widget\" data-e-type=\"widget\" data-widget_type=\"heading.default\">\n\t\t\t\t<div class=\"elementor-widget-container\">\n\t\t\t\t\t<h2 class=\"elementor-heading-title elementor-size-default\">Local place development<\/h2>\t\t\t\t<\/div>\n\t\t\t\t<\/div>\n\t\t\t\t<div class=\"elementor-element elementor-element-aa1c680 elementor-widget elementor-widget-text-editor\" data-id=\"aa1c680\" data-element_type=\"widget\" data-e-type=\"widget\" data-widget_type=\"text-editor.default\">\n\t\t\t\t<div class=\"elementor-widget-container\">\n\t\t\t\t\t\t\t\t\t<p>With the support of EU funding through Leader G\u00f6ta \u00c4lv, Caf\u00e9 Torpet has carried out a project to strengthen its international presence and attractiveness. The initiative included digitization through professional translation of the website into English and photography of the various areas of the business. <\/p>\n<p>The project is an inspiring example of sustainable site development and shows how local tourism can contribute to a vibrant countryside. By highlighting local resources and ecological initiatives, Caf\u00e9 Torpet strengthens its role as a cultural and economic engine in Ale municipality. Digitalization has made it possible to reach a wider audience without compromising local values. With a focus on sustainability and collaboration, the project contributes to increasing tourism, strengthening the economy and preserving rural culture and nature.   <\/p>\n\t\t\t\t\t\t\t\t<\/div>\n\t\t\t\t<\/div>\n\t\t\t\t<div class=\"elementor-element elementor-element-63386aa elementor-widget elementor-widget-image\" data-id=\"63386aa\" data-element_type=\"widget\" data-e-type=\"widget\" data-widget_type=\"image.default\">\n\t\t\t\t<div class=\"elementor-widget-container\">\n\t\t\t\t\t\t\t\t\t\t\t\t\t\t\t<img decoding=\"async\" width=\"1024\" height=\"336\" data-src=\"https:\/\/cafetorpet.se\/wp-content\/uploads\/2022\/02\/Leader_EU_frilagd-1024x336.png\" class=\"attachment-large size-large wp-image-9417 lazyload\" alt=\"\" data-srcset=\"https:\/\/cafetorpet.se\/wp-content\/uploads\/2022\/02\/Leader_EU_frilagd-1024x336.png 1024w, https:\/\/cafetorpet.se\/wp-content\/uploads\/2022\/02\/Leader_EU_frilagd-600x197.png 600w, https:\/\/cafetorpet.se\/wp-content\/uploads\/2022\/02\/Leader_EU_frilagd-300x98.png 300w, https:\/\/cafetorpet.se\/wp-content\/uploads\/2022\/02\/Leader_EU_frilagd-768x252.png 768w, https:\/\/cafetorpet.se\/wp-content\/uploads\/2022\/02\/Leader_EU_frilagd-1536x504.png 1536w, https:\/\/cafetorpet.se\/wp-content\/uploads\/2022\/02\/Leader_EU_frilagd.png 1659w\" data-sizes=\"(max-width: 1024px) 100vw, 1024px\" src=\"data:image\/svg+xml;base64,PHN2ZyB3aWR0aD0iMSIgaGVpZ2h0PSIxIiB4bWxucz0iaHR0cDovL3d3dy53My5vcmcvMjAwMC9zdmciPjwvc3ZnPg==\" style=\"--smush-placeholder-width: 1024px; --smush-placeholder-aspect-ratio: 1024\/336;\" \/>\t\t\t\t\t\t\t\t\t\t\t\t\t\t\t<\/div>\n\t\t\t\t<\/div>\n\t\t\t\t\t<\/div>\n\t\t<\/div>\n\t\t\t\t<div class=\"elementor-column elementor-col-50 elementor-top-column elementor-element elementor-element-cac779c\" data-id=\"cac779c\" data-element_type=\"column\" data-e-type=\"column\">\n\t\t\t<div class=\"elementor-widget-wrap elementor-element-populated\">\n\t\t\t\t\t\t<div class=\"elementor-element elementor-element-f274305 elementor-widget elementor-widget-heading\" data-id=\"f274305\" data-element_type=\"widget\" data-e-type=\"widget\" data-widget_type=\"heading.default\">\n\t\t\t\t<div class=\"elementor-widget-container\">\n\t\t\t\t\t<h2 class=\"elementor-heading-title elementor-size-default\">Source Separation<\/h2>\t\t\t\t<\/div>\n\t\t\t\t<\/div>\n\t\t\t\t<div class=\"elementor-element elementor-element-4026c70 elementor-widget elementor-widget-text-editor\" data-id=\"4026c70\" data-element_type=\"widget\" data-e-type=\"widget\" data-widget_type=\"text-editor.default\">\n\t\t\t\t<div class=\"elementor-widget-container\">\n\t\t\t\t\t\t\t\t\t<p>Source separation is ingrained in our practices, and we ensure that all food waste is recycled. <\/p>\n\t\t\t\t\t\t\t\t<\/div>\n\t\t\t\t<\/div>\n\t\t\t\t<div class=\"elementor-element elementor-element-ef741a5 elementor-widget elementor-widget-heading\" data-id=\"ef741a5\" data-element_type=\"widget\" data-e-type=\"widget\" data-widget_type=\"heading.default\">\n\t\t\t\t<div class=\"elementor-widget-container\">\n\t\t\t\t\t<h2 class=\"elementor-heading-title elementor-size-default\">Sustainable Electricity<\/h2>\t\t\t\t<\/div>\n\t\t\t\t<\/div>\n\t\t\t\t<div class=\"elementor-element elementor-element-dbb296f elementor-widget elementor-widget-text-editor\" data-id=\"dbb296f\" data-element_type=\"widget\" data-e-type=\"widget\" data-widget_type=\"text-editor.default\">\n\t\t\t\t<div class=\"elementor-widget-container\">\n\t\t\t\t\t\t\t\t\t<p>In collaboration with <a href=\"https:\/\/aleel.se\/\" target=\"_blank\" rel=\"noopener\">https:\/\/aleel.se\/<\/a> we are proud to announce that Caf\u00e9 Torpet exclusively consumes 100% renewable electricity. As the cherry on top, we deliver home deliveries and catering with electric vehicles.<\/p>\n\t\t\t\t\t\t\t\t<\/div>\n\t\t\t\t<\/div>\n\t\t\t\t<div class=\"elementor-element elementor-element-cf9d359 elementor-widget elementor-widget-image\" data-id=\"cf9d359\" data-element_type=\"widget\" data-e-type=\"widget\" data-widget_type=\"image.default\">\n\t\t\t\t<div class=\"elementor-widget-container\">\n\t\t\t\t\t\t\t\t\t\t\t\t\t\t\t<img decoding=\"async\" width=\"745\" height=\"1024\" data-src=\"https:\/\/cafetorpet.se\/wp-content\/uploads\/2023\/05\/Diplom_fornybar_energi-745x1024.jpg\" class=\"attachment-large size-large wp-image-6470 lazyload\" alt=\"\" data-srcset=\"https:\/\/cafetorpet.se\/wp-content\/uploads\/2023\/05\/Diplom_fornybar_energi-745x1024.jpg 745w, https:\/\/cafetorpet.se\/wp-content\/uploads\/2023\/05\/Diplom_fornybar_energi-600x825.jpg 600w, https:\/\/cafetorpet.se\/wp-content\/uploads\/2023\/05\/Diplom_fornybar_energi-218x300.jpg 218w, https:\/\/cafetorpet.se\/wp-content\/uploads\/2023\/05\/Diplom_fornybar_energi-768x1056.jpg 768w, https:\/\/cafetorpet.se\/wp-content\/uploads\/2023\/05\/Diplom_fornybar_energi-1117x1536.jpg 1117w, https:\/\/cafetorpet.se\/wp-content\/uploads\/2023\/05\/Diplom_fornybar_energi-1489x2048.jpg 1489w, https:\/\/cafetorpet.se\/wp-content\/uploads\/2023\/05\/Diplom_fornybar_energi.jpg 1700w\" data-sizes=\"(max-width: 745px) 100vw, 745px\" src=\"data:image\/svg+xml;base64,PHN2ZyB3aWR0aD0iMSIgaGVpZ2h0PSIxIiB4bWxucz0iaHR0cDovL3d3dy53My5vcmcvMjAwMC9zdmciPjwvc3ZnPg==\" style=\"--smush-placeholder-width: 745px; --smush-placeholder-aspect-ratio: 745\/1024;\" \/>\t\t\t\t\t\t\t\t\t\t\t\t\t\t\t<\/div>\n\t\t\t\t<\/div>\n\t\t\t\t<div class=\"elementor-element elementor-element-4e524d5 elementor-widget elementor-widget-heading\" data-id=\"4e524d5\" data-element_type=\"widget\" data-e-type=\"widget\" data-widget_type=\"heading.default\">\n\t\t\t\t<div class=\"elementor-widget-container\">\n\t\t\t\t\t<h2 class=\"elementor-heading-title elementor-size-default\">Local Ingredients<\/h2>\t\t\t\t<\/div>\n\t\t\t\t<\/div>\n\t\t\t\t<div class=\"elementor-element elementor-element-f7dfed8 elementor-widget elementor-widget-text-editor\" data-id=\"f7dfed8\" data-element_type=\"widget\" data-e-type=\"widget\" data-widget_type=\"text-editor.default\">\n\t\t\t\t<div class=\"elementor-widget-container\">\n\t\t\t\t\t\t\t\t\t<p>In an era where circular economy is paramount, we actively engage in partnerships with local producers and artisans. These collaborators are also featured in our farm shop and at our renowned markets.<\/p>\n<p>Looking ahead, we aim to incorporate ingredients from Caf\u00e9 Torpet&#8217;s very own kitchen garden in the near future! <\/p>\n\t\t\t\t\t\t\t\t<\/div>\n\t\t\t\t<\/div>\n\t\t\t\t<div class=\"elementor-element elementor-element-5e4def4 elementor-widget elementor-widget-heading\" data-id=\"5e4def4\" data-element_type=\"widget\" data-e-type=\"widget\" data-widget_type=\"heading.default\">\n\t\t\t\t<div class=\"elementor-widget-container\">\n\t\t\t\t\t<h2 class=\"elementor-heading-title elementor-size-default\">Inclusion<\/h2>\t\t\t\t<\/div>\n\t\t\t\t<\/div>\n\t\t\t\t<div class=\"elementor-element elementor-element-c20c5ee elementor-widget elementor-widget-text-editor\" data-id=\"c20c5ee\" data-element_type=\"widget\" data-e-type=\"widget\" data-widget_type=\"text-editor.default\">\n\t\t\t\t<div class=\"elementor-widget-container\">\n\t\t\t\t\t\t\t\t\t<p>Caf\u00e9 Torpet has emerged as a beloved community hub, often spotlighting local talents on our stage.<\/p>\n<p>In the summertime, our stage welcomes Sweden&#8217;s cherished artists, and we&#8217;ve designed diverse seating options, aiming to ensure that everyone has the opportunity to partake in the experience, regardless of their financial means. <\/p>\n\t\t\t\t\t\t\t\t<\/div>\n\t\t\t\t<\/div>\n\t\t\t\t\t<\/div>\n\t\t<\/div>\n\t\t\t\t\t<\/div>\n\t\t<\/section>\n\t\t\t\t<\/div>\n\t\t","protected":false},"excerpt":{"rendered":"<p>Sustainability With the ambition of fostering a vibrant rural community, we continuously strive to develop enjoyable, inclusive, and, above all, sustainable activities and practices. In collaboration with hallbarhetsklivet.se we aim [&hellip;]<\/p>\n","protected":false},"author":2,"featured_media":0,"parent":0,"menu_order":0,"comment_status":"closed","ping_status":"closed","template":"elementor_header_footer","meta":{"_price":"","_stock":"","_tribe_ticket_header":"","_tribe_default_ticket_provider":"","_tribe_ticket_capacity":"0","_ticket_start_date":"","_ticket_end_date":"","_tribe_ticket_show_description":"","_tribe_ticket_show_not_going":false,"_tribe_ticket_use_global_stock":"","_tribe_ticket_global_stock_level":"","_global_stock_mode":"","_global_stock_cap":"","_tribe_rsvp_for_event":"","_tribe_ticket_going_count":"","_tribe_ticket_not_going_count":"","_tribe_tickets_list":"[]","_tribe_ticket_has_attendee_info_fields":false,"footnotes":"","_tec_slr_enabled":"","_tec_slr_layout":""},"class_list":["post-6716","page","type-page","status-publish","hentry"],"ticketed":false,"_links":{"self":[{"href":"https:\/\/cafetorpet.se\/en\/wp-json\/wp\/v2\/pages\/6716","targetHints":{"allow":["GET"]}}],"collection":[{"href":"https:\/\/cafetorpet.se\/en\/wp-json\/wp\/v2\/pages"}],"about":[{"href":"https:\/\/cafetorpet.se\/en\/wp-json\/wp\/v2\/types\/page"}],"author":[{"embeddable":true,"href":"https:\/\/cafetorpet.se\/en\/wp-json\/wp\/v2\/users\/2"}],"replies":[{"embeddable":true,"href":"https:\/\/cafetorpet.se\/en\/wp-json\/wp\/v2\/comments?post=6716"}],"version-history":[{"count":2,"href":"https:\/\/cafetorpet.se\/en\/wp-json\/wp\/v2\/pages\/6716\/revisions"}],"predecessor-version":[{"id":9422,"href":"https:\/\/cafetorpet.se\/en\/wp-json\/wp\/v2\/pages\/6716\/revisions\/9422"}],"wp:attachment":[{"href":"https:\/\/cafetorpet.se\/en\/wp-json\/wp\/v2\/media?parent=6716"}],"curies":[{"name":"wp","href":"https:\/\/api.w.org\/{rel}","templated":true}]}}