{"id":6724,"date":"2022-02-04T08:24:03","date_gmt":"2022-02-04T08:24:03","guid":{"rendered":"https:\/\/cafetorpet.se\/find-us\/"},"modified":"2024-04-24T11:46:31","modified_gmt":"2024-04-24T11:46:31","slug":"find-us","status":"publish","type":"page","link":"https:\/\/cafetorpet.se\/en\/find-us\/","title":{"rendered":"Find Us"},"content":{"rendered":"\t\t<div data-elementor-type=\"wp-page\" data-elementor-id=\"6724\" class=\"elementor elementor-6724 elementor-1179\" data-elementor-post-type=\"page\">\n\t\t\t\t\t\t<section class=\"elementor-section elementor-top-section elementor-element elementor-element-5fe8924 elementor-section-boxed elementor-section-height-default elementor-section-height-default\" data-id=\"5fe8924\" data-element_type=\"section\" data-e-type=\"section\" data-settings=\"{&quot;jet_parallax_layout_list&quot;:[]}\">\n\t\t\t\t\t\t<div class=\"elementor-container elementor-column-gap-default\">\n\t\t\t\t\t<div class=\"elementor-column elementor-col-100 elementor-top-column elementor-element elementor-element-635899d\" data-id=\"635899d\" data-element_type=\"column\" data-e-type=\"column\">\n\t\t\t<div class=\"elementor-widget-wrap elementor-element-populated\">\n\t\t\t\t\t\t<div class=\"elementor-element elementor-element-7701b62 elementor-widget elementor-widget-heading\" data-id=\"7701b62\" data-element_type=\"widget\" data-e-type=\"widget\" data-widget_type=\"heading.default\">\n\t\t\t\t<div class=\"elementor-widget-container\">\n\t\t\t\t\t<h2 class=\"elementor-heading-title elementor-size-default\">Find Us<\/h2>\t\t\t\t<\/div>\n\t\t\t\t<\/div>\n\t\t\t\t<div class=\"elementor-element elementor-element-0810c7e elementor-view-default elementor-widget elementor-widget-icon\" data-id=\"0810c7e\" data-element_type=\"widget\" data-e-type=\"widget\" data-widget_type=\"icon.default\">\n\t\t\t\t<div class=\"elementor-widget-container\">\n\t\t\t\t\t\t\t<div class=\"elementor-icon-wrapper\">\n\t\t\t<div class=\"elementor-icon\">\n\t\t\t<i aria-hidden=\"true\" class=\"fas fa-map-marker-alt\"><\/i>\t\t\t<\/div>\n\t\t<\/div>\n\t\t\t\t\t\t<\/div>\n\t\t\t\t<\/div>\n\t\t\t\t<div class=\"elementor-element elementor-element-d6a43a0 elementor-widget elementor-widget-heading\" data-id=\"d6a43a0\" data-element_type=\"widget\" data-e-type=\"widget\" data-widget_type=\"heading.default\">\n\t\t\t\t<div class=\"elementor-widget-container\">\n\t\t\t\t\t<h2 class=\"elementor-heading-title elementor-size-default\">Slittorp 300\n446 92 Skepplanda\n\n<\/h2>\t\t\t\t<\/div>\n\t\t\t\t<\/div>\n\t\t\t\t<div class=\"elementor-element elementor-element-6b4afb3 elementor-widget-divider--view-line elementor-widget elementor-widget-divider\" data-id=\"6b4afb3\" data-element_type=\"widget\" data-e-type=\"widget\" data-widget_type=\"divider.default\">\n\t\t\t\t<div class=\"elementor-widget-container\">\n\t\t\t\t\t\t\t<div class=\"elementor-divider\">\n\t\t\t<span class=\"elementor-divider-separator\">\n\t\t\t\t\t\t<\/span>\n\t\t<\/div>\n\t\t\t\t\t\t<\/div>\n\t\t\t\t<\/div>\n\t\t\t\t<div class=\"elementor-element elementor-element-5443f7f elementor-widget elementor-widget-text-editor\" data-id=\"5443f7f\" data-element_type=\"widget\" data-e-type=\"widget\" data-widget_type=\"text-editor.default\">\n\t\t\t\t<div class=\"elementor-widget-container\">\n\t\t\t\t\t\t\t\t\t<p><strong>By public transport<\/strong><\/p>\n<p>With V\u00e4sttrafik, you can easily travel from Gothenburg Take the commuter train, V\u00e4stt\u00e5gen G\u00f6teborg-\u00c4lv\u00e4ngen, from Gothenburg Central Station to \u00c4lv\u00e4ngen Resecentrum. Change to connecting bus Line 434. During regular hours, there are departures approximately once an hour. The journey takes about 1 hour. <\/p>\n<p><span style=\"color: var( --e-global-color-primary ); font-family: var( --e-global-typography-text-font-family ), Sans-serif; font-size: var( --e-global-typography-text-font-size ); letter-spacing: var( --e-global-typography-text-letter-spacing ); background-color: var( --e-global-color-ac0854b );\">Plan your trip at <a href=\"https:\/\/www.vasttrafik.se\/reseplanering\/reseplaneraren\/\" target=\"_blank\" rel=\"noopener\"> vasttrafik.se<\/a><\/span><\/p>\n\t\t\t\t\t\t\t\t<\/div>\n\t\t\t\t<\/div>\n\t\t\t\t<div class=\"elementor-element elementor-element-ed25109 elementor-widget-divider--view-line elementor-widget elementor-widget-divider\" data-id=\"ed25109\" data-element_type=\"widget\" data-e-type=\"widget\" data-widget_type=\"divider.default\">\n\t\t\t\t<div class=\"elementor-widget-container\">\n\t\t\t\t\t\t\t<div class=\"elementor-divider\">\n\t\t\t<span class=\"elementor-divider-separator\">\n\t\t\t\t\t\t<\/span>\n\t\t<\/div>\n\t\t\t\t\t\t<\/div>\n\t\t\t\t<\/div>\n\t\t\t\t<div class=\"elementor-element elementor-element-5002636 elementor-widget elementor-widget-text-editor\" data-id=\"5002636\" data-element_type=\"widget\" data-e-type=\"widget\" data-widget_type=\"text-editor.default\">\n\t\t\t\t<div class=\"elementor-widget-container\">\n\t\t\t\t\t\t\t\t\t<p><strong>By car<\/strong><\/p>\n<p>The distance from Gothenburg is approximately 40 kilometers and takes about half an hour to drive by car. Follow road E45 towards Trollh\u00e4ttan. Take exit 90 and follow Skepplandav\u00e4gen towards our destination. Then, turn left onto Kvarnabov\u00e4gen, and the Caf\u00e9 Torpet will be on your left side.<\/p>\n\t\t\t\t\t\t\t\t<\/div>\n\t\t\t\t<\/div>\n\t\t\t\t<div class=\"elementor-element elementor-element-df5e3b3 elementor-widget-divider--view-line elementor-widget elementor-widget-divider\" data-id=\"df5e3b3\" data-element_type=\"widget\" data-e-type=\"widget\" data-widget_type=\"divider.default\">\n\t\t\t\t<div class=\"elementor-widget-container\">\n\t\t\t\t\t\t\t<div class=\"elementor-divider\">\n\t\t\t<span class=\"elementor-divider-separator\">\n\t\t\t\t\t\t<\/span>\n\t\t<\/div>\n\t\t\t\t\t\t<\/div>\n\t\t\t\t<\/div>\n\t\t\t\t<div class=\"elementor-element elementor-element-a234c77 elementor-widget elementor-widget-text-editor\" data-id=\"a234c77\" data-element_type=\"widget\" data-e-type=\"widget\" data-widget_type=\"text-editor.default\">\n\t\t\t\t<div class=\"elementor-widget-container\">\n\t\t\t\t\t\t\t\t\t<p><strong>By bicycle<\/strong><\/p>\n<p>Caf\u00e9 Torpet is located along Sverigeleden, an almost nationwide cycling trail that stretches from Helsingborg in the south to Karesuando in the north. <\/p>\n<p>You can find the map of Sverigeleden at <a href=\"https:\/\/www.svenska-cykelsallskapet.se\/images\/sveledbild.pdf\" target=\"_blank\" rel=\"noopener\">svenska-cykelsallskapet.se <\/a><\/p>\n\t\t\t\t\t\t\t\t<\/div>\n\t\t\t\t<\/div>\n\t\t\t\t<div class=\"elementor-element elementor-element-79a4580 elementor-widget-divider--view-line elementor-widget elementor-widget-divider\" data-id=\"79a4580\" data-element_type=\"widget\" data-e-type=\"widget\" data-widget_type=\"divider.default\">\n\t\t\t\t<div class=\"elementor-widget-container\">\n\t\t\t\t\t\t\t<div class=\"elementor-divider\">\n\t\t\t<span class=\"elementor-divider-separator\">\n\t\t\t\t\t\t<\/span>\n\t\t<\/div>\n\t\t\t\t\t\t<\/div>\n\t\t\t\t<\/div>\n\t\t\t\t<div class=\"elementor-element elementor-element-aa647fa elementor-widget elementor-widget-text-editor\" data-id=\"aa647fa\" data-element_type=\"widget\" data-e-type=\"widget\" data-widget_type=\"text-editor.default\">\n\t\t\t\t<div class=\"elementor-widget-container\">\n\t\t\t\t\t\t\t\t\t<p><span style=\"color: var( --e-global-color-primary ); font-family: var( --e-global-typography-text-font-family ), Sans-serif; font-size: var( --e-global-typography-text-font-size ); letter-spacing: var( --e-global-typography-text-letter-spacing ); background-color: var( --e-global-color-ac0854b );\"><b>By foot<\/b><\/span><\/p>\n<p><span style=\"color: var( --e-global-color-primary ); font-family: var( --e-global-typography-text-font-family ), Sans-serif; font-size: var( --e-global-typography-text-font-size ); letter-spacing: var( --e-global-typography-text-letter-spacing ); background-color: var( --e-global-color-ac0854b );\">Caf\u00e9 Torpet is also situated along the hiking trail Pilgrimsleden G\u00f6ta\u00e4lv. The trail is divided into sections: G\u00f6teborg-L\u00f6d\u00f6se, L\u00f6d\u00f6se-H\u00e5landa, and L\u00f6d\u00f6se-V\u00e4nersborg. <\/span><\/p>\n<p>Learn more about Pilgrimsleden at <a href=\"https:\/\/www.westswedentrails.se\/delled\/pilgrimsleden-gota-alv\" target=\"_blank\" rel=\"noopener\">westswedentrails.se<\/a><\/p>\n\t\t\t\t\t\t\t\t<\/div>\n\t\t\t\t<\/div>\n\t\t\t\t<div class=\"elementor-element elementor-element-9bdfbae elementor-widget-divider--view-line elementor-widget elementor-widget-divider\" data-id=\"9bdfbae\" data-element_type=\"widget\" data-e-type=\"widget\" data-widget_type=\"divider.default\">\n\t\t\t\t<div class=\"elementor-widget-container\">\n\t\t\t\t\t\t\t<div class=\"elementor-divider\">\n\t\t\t<span class=\"elementor-divider-separator\">\n\t\t\t\t\t\t<\/span>\n\t\t<\/div>\n\t\t\t\t\t\t<\/div>\n\t\t\t\t<\/div>\n\t\t\t\t<div class=\"elementor-element elementor-element-7deed97 elementor-align-center elementor-widget elementor-widget-button\" data-id=\"7deed97\" data-element_type=\"widget\" data-e-type=\"widget\" data-widget_type=\"button.default\">\n\t\t\t\t<div class=\"elementor-widget-container\">\n\t\t\t\t\t\t\t\t\t<div class=\"elementor-button-wrapper\">\n\t\t\t\t\t<a class=\"elementor-button elementor-button-link elementor-size-md\" href=\"#\">\n\t\t\t\t\t\t<span class=\"elementor-button-content-wrapper\">\n\t\t\t\t\t\t\t\t\t<span class=\"elementor-button-text\">Map<\/span>\n\t\t\t\t\t<\/span>\n\t\t\t\t\t<\/a>\n\t\t\t\t<\/div>\n\t\t\t\t\t\t\t\t<\/div>\n\t\t\t\t<\/div>\n\t\t\t\t\t<\/div>\n\t\t<\/div>\n\t\t\t\t\t<\/div>\n\t\t<\/section>\n\t\t\t\t<\/div>\n\t\t","protected":false},"excerpt":{"rendered":"<p>Find Us Slittorp 300 446 92 Skepplanda By public transport With V\u00e4sttrafik, you can easily travel from Gothenburg Take the commuter train, V\u00e4stt\u00e5gen G\u00f6teborg-\u00c4lv\u00e4ngen, from Gothenburg Central Station to \u00c4lv\u00e4ngen [&hellip;]<\/p>\n","protected":false},"author":2,"featured_media":0,"parent":0,"menu_order":0,"comment_status":"closed","ping_status":"closed","template":"elementor_header_footer","meta":{"_price":"","_stock":"","_tribe_ticket_header":"","_tribe_default_ticket_provider":"","_tribe_ticket_capacity":"0","_ticket_start_date":"","_ticket_end_date":"","_tribe_ticket_show_description":"","_tribe_ticket_show_not_going":false,"_tribe_ticket_use_global_stock":"","_tribe_ticket_global_stock_level":"","_global_stock_mode":"","_global_stock_cap":"","_tribe_rsvp_for_event":"","_tribe_ticket_going_count":"","_tribe_ticket_not_going_count":"","_tribe_tickets_list":"[]","_tribe_ticket_has_attendee_info_fields":false,"footnotes":"","_tec_slr_enabled":"","_tec_slr_layout":""},"class_list":["post-6724","page","type-page","status-publish","hentry"],"ticketed":false,"_links":{"self":[{"href":"https:\/\/cafetorpet.se\/en\/wp-json\/wp\/v2\/pages\/6724","targetHints":{"allow":["GET"]}}],"collection":[{"href":"https:\/\/cafetorpet.se\/en\/wp-json\/wp\/v2\/pages"}],"about":[{"href":"https:\/\/cafetorpet.se\/en\/wp-json\/wp\/v2\/types\/page"}],"author":[{"embeddable":true,"href":"https:\/\/cafetorpet.se\/en\/wp-json\/wp\/v2\/users\/2"}],"replies":[{"embeddable":true,"href":"https:\/\/cafetorpet.se\/en\/wp-json\/wp\/v2\/comments?post=6724"}],"version-history":[{"count":1,"href":"https:\/\/cafetorpet.se\/en\/wp-json\/wp\/v2\/pages\/6724\/revisions"}],"predecessor-version":[{"id":6725,"href":"https:\/\/cafetorpet.se\/en\/wp-json\/wp\/v2\/pages\/6724\/revisions\/6725"}],"wp:attachment":[{"href":"https:\/\/cafetorpet.se\/en\/wp-json\/wp\/v2\/media?parent=6724"}],"curies":[{"name":"wp","href":"https:\/\/api.w.org\/{rel}","templated":true}]}}